{"id":7042,"date":"2026-04-15T10:31:56","date_gmt":"2026-04-15T10:31:56","guid":{"rendered":"https:\/\/rootartgallery.com\/?post_type=product&#038;p=7042"},"modified":"2026-04-15T10:31:57","modified_gmt":"2026-04-15T10:31:57","slug":"nascer-da-magia","status":"publish","type":"product","link":"https:\/\/rootartgallery.com\/?product=nascer-da-magia","title":{"rendered":"NASCER DA MAGIA"},"content":{"rendered":"<p style=\"font-weight: 400; text-align: left;\"><strong><span style=\"vertical-align: inherit;\">T\u00edtulo:<\/span><\/strong><span style=\"vertical-align: inherit;\"> NASCER DA MAGIA<\/span><\/p>\n<p style=\"text-align: left;\"><strong><span style=\"vertical-align: inherit;\">Ref. <\/span><\/strong><span style=\"vertical-align: inherit;\">695<\/span><\/p>\n<p style=\"font-weight: 400; text-align: left;\"><strong><span style=\"vertical-align: inherit;\">Autora:<\/span><\/strong><span style=\"vertical-align: inherit;\"> CELESTE GAMEIRO<\/span><\/p>\n<p style=\"font-weight: 400; text-align: left;\"><strong><span style=\"vertical-align: inherit;\">T\u00e9cnica:<\/span><\/strong><span style=\"vertical-align: inherit;\"> MISTA SOBRE TELA<\/span><\/p>\n<p style=\"font-weight: 400; text-align: left;\"><strong><span style=\"vertical-align: inherit;\">Dimens\u00e3o da tela (alt. x larg.):<\/span><\/strong><span style=\"vertical-align: inherit;\"> 81 x 100 cm<\/span><\/p>\n<p><strong><span style=\"vertical-align: inherit;\">Espessura da tela:<\/span><\/strong><span style=\"vertical-align: inherit;\">\u00a0 \u00a04 cm<\/span><\/p>\n<p><strong>Ano de cria\u00e7\u00e3o:<\/strong> 2026<\/p>\n","protected":false},"excerpt":{"rendered":"<p>T\u00edtulo: NASCER DA MAGIA Ref. 695 Autora: CELESTE GAMEIRO T\u00e9cnica: MISTA SOBRE TELA Dimens\u00e3o da tela (alt. x larg.): 81 x 100 cm Espessura da tela:\u00a0 \u00a04 cm Ano de cria\u00e7\u00e3o: 2026<\/p>\n","protected":false},"featured_media":7043,"template":"","meta":{"postBodyCss":"","postBodyMargin":[],"postBodyPadding":[],"postBodyBackground":{"backgroundType":"classic","gradient":""},"site-sidebar-layout":"default","site-content-layout":"","ast-site-content-layout":"default","site-content-style":"default","site-sidebar-style":"default","ast-global-header-display":"","ast-banner-title-visibility":"","ast-main-header-display":"","ast-hfb-above-header-display":"","ast-hfb-below-header-display":"","ast-hfb-mobile-header-display":"","site-post-title":"","ast-breadcrumbs-content":"","ast-featured-img":"","footer-sml-layout":"","ast-disable-related-posts":"","theme-transparent-header-meta":"default","adv-header-id-meta":"","stick-header-meta":"","header-above-stick-meta":"","header-main-stick-meta":"","header-below-stick-meta":"","astra-migrate-meta-layouts":"set","ast-page-background-enabled":"default","ast-page-background-meta":{"desktop":{"background-color":"var(--ast-global-color-4)","background-image":"","background-repeat":"repeat","background-position":"center center","background-size":"auto","background-attachment":"scroll","background-type":"","background-media":"","overlay-type":"","overlay-color":"","overlay-opacity":"","overlay-gradient":""},"tablet":{"background-color":"","background-image":"","background-repeat":"repeat","background-position":"center center","background-size":"auto","background-attachment":"scroll","background-type":"","background-media":"","overlay-type":"","overlay-color":"","overlay-opacity":"","overlay-gradient":""},"mobile":{"background-color":"","background-image":"","background-repeat":"repeat","background-position":"center center","background-size":"auto","background-attachment":"scroll","background-type":"","background-media":"","overlay-type":"","overlay-color":"","overlay-opacity":"","overlay-gradient":""}},"ast-content-background-meta":{"desktop":{"background-color":"var(--ast-global-color-5)","background-image":"","background-repeat":"repeat","background-position":"center center","background-size":"auto","background-attachment":"scroll","background-type":"","background-media":"","overlay-type":"","overlay-color":"","overlay-opacity":"","overlay-gradient":""},"tablet":{"background-color":"var(--ast-global-color-5)","background-image":"","background-repeat":"repeat","background-position":"center center","background-size":"auto","background-attachment":"scroll","background-type":"","background-media":"","overlay-type":"","overlay-color":"","overlay-opacity":"","overlay-gradient":""},"mobile":{"background-color":"var(--ast-global-color-5)","background-image":"","background-repeat":"repeat","background-position":"center center","background-size":"auto","background-attachment":"scroll","background-type":"","background-media":"","overlay-type":"","overlay-color":"","overlay-opacity":"","overlay-gradient":""}}},"product_brand":[],"product_cat":[76,31],"product_tag":[],"class_list":{"0":"post-7042","1":"product","2":"type-product","3":"status-publish","4":"has-post-thumbnail","6":"product_cat-novidades","7":"product_cat-celeste-gameiro","8":"desktop-align-left","9":"tablet-align-left","10":"mobile-align-left","12":"first","13":"instock","14":"sold-individually","15":"taxable","16":"shipping-taxable","17":"purchasable","18":"product-type-simple"},"jetpack_sharing_enabled":true,"_links":{"self":[{"href":"https:\/\/rootartgallery.com\/index.php?rest_route=\/wp\/v2\/product\/7042","targetHints":{"allow":["GET"]}}],"collection":[{"href":"https:\/\/rootartgallery.com\/index.php?rest_route=\/wp\/v2\/product"}],"about":[{"href":"https:\/\/rootartgallery.com\/index.php?rest_route=\/wp\/v2\/types\/product"}],"version-history":[{"count":2,"href":"https:\/\/rootartgallery.com\/index.php?rest_route=\/wp\/v2\/product\/7042\/revisions"}],"predecessor-version":[{"id":7046,"href":"https:\/\/rootartgallery.com\/index.php?rest_route=\/wp\/v2\/product\/7042\/revisions\/7046"}],"wp:featuredmedia":[{"embeddable":true,"href":"https:\/\/rootartgallery.com\/index.php?rest_route=\/wp\/v2\/media\/7043"}],"wp:attachment":[{"href":"https:\/\/rootartgallery.com\/index.php?rest_route=%2Fwp%2Fv2%2Fmedia&parent=7042"}],"wp:term":[{"taxonomy":"product_brand","embeddable":true,"href":"https:\/\/rootartgallery.com\/index.php?rest_route=%2Fwp%2Fv2%2Fproduct_brand&post=7042"},{"taxonomy":"product_cat","embeddable":true,"href":"https:\/\/rootartgallery.com\/index.php?rest_route=%2Fwp%2Fv2%2Fproduct_cat&post=7042"},{"taxonomy":"product_tag","embeddable":true,"href":"https:\/\/rootartgallery.com\/index.php?rest_route=%2Fwp%2Fv2%2Fproduct_tag&post=7042"}],"curies":[{"name":"wp","href":"https:\/\/api.w.org\/{rel}","templated":true}]}}