{"id":6947,"date":"2026-02-21T10:55:49","date_gmt":"2026-02-21T10:55:49","guid":{"rendered":"https:\/\/rootartgallery.com\/?post_type=product&#038;p=6947"},"modified":"2026-02-25T13:25:12","modified_gmt":"2026-02-25T13:25:12","slug":"reflexos-da-alma","status":"publish","type":"product","link":"https:\/\/rootartgallery.com\/?product=reflexos-da-alma","title":{"rendered":"REFLEXOS DA ALMA"},"content":{"rendered":"<p><strong>T\u00edtulo: <\/strong>REFLEXOS DA ALMA<\/p>\n<p><strong>Ref.: <\/strong>666<\/p>\n<p><strong>Autor:\u00a0<\/strong>Roger Marcelo<\/p>\n<p><strong>T\u00e9cnica:<\/strong> Acr\u00edlico sobre tela<\/p>\n<p><strong>Dimens\u00f5es (largura x altura x profundidade):<\/strong><\/p>\n<p>60 x 90 x 1,5 cm<\/p>\n<p><strong>Observa\u00e7\u00f5es:<\/strong> Pintura Original<\/p>\n<p>&nbsp;<\/p>\n","protected":false},"excerpt":{"rendered":"<p>T\u00edtulo: REFLEXOS DA ALMA Ref.: 666 Autor:\u00a0Roger Marcelo T\u00e9cnica: Acr\u00edlico sobre tela Dimens\u00f5es (largura x altura x profundidade): 60 x 90 x 1,5 cm Observa\u00e7\u00f5es: Pintura Original &nbsp;<\/p>\n","protected":false},"featured_media":6948,"template":"","meta":{"postBodyCss":"","postBodyMargin":[],"postBodyPadding":[],"postBodyBackground":{"backgroundType":"classic","gradient":""},"site-sidebar-layout":"default","site-content-layout":"","ast-site-content-layout":"default","site-content-style":"default","site-sidebar-style":"default","ast-global-header-display":"","ast-banner-title-visibility":"","ast-main-header-display":"","ast-hfb-above-header-display":"","ast-hfb-below-header-display":"","ast-hfb-mobile-header-display":"","site-post-title":"","ast-breadcrumbs-content":"","ast-featured-img":"","footer-sml-layout":"","ast-disable-related-posts":"","theme-transparent-header-meta":"default","adv-header-id-meta":"","stick-header-meta":"","header-above-stick-meta":"","header-main-stick-meta":"","header-below-stick-meta":"","astra-migrate-meta-layouts":"set","ast-page-background-enabled":"default","ast-page-background-meta":{"desktop":{"background-color":"var(--ast-global-color-4)","background-image":"","background-repeat":"repeat","background-position":"center center","background-size":"auto","background-attachment":"scroll","background-type":"","background-media":"","overlay-type":"","overlay-color":"","overlay-opacity":"","overlay-gradient":""},"tablet":{"background-color":"","background-image":"","background-repeat":"repeat","background-position":"center center","background-size":"auto","background-attachment":"scroll","background-type":"","background-media":"","overlay-type":"","overlay-color":"","overlay-opacity":"","overlay-gradient":""},"mobile":{"background-color":"","background-image":"","background-repeat":"repeat","background-position":"center center","background-size":"auto","background-attachment":"scroll","background-type":"","background-media":"","overlay-type":"","overlay-color":"","overlay-opacity":"","overlay-gradient":""}},"ast-content-background-meta":{"desktop":{"background-color":"var(--ast-global-color-5)","background-image":"","background-repeat":"repeat","background-position":"center center","background-size":"auto","background-attachment":"scroll","background-type":"","background-media":"","overlay-type":"","overlay-color":"","overlay-opacity":"","overlay-gradient":""},"tablet":{"background-color":"var(--ast-global-color-5)","background-image":"","background-repeat":"repeat","background-position":"center center","background-size":"auto","background-attachment":"scroll","background-type":"","background-media":"","overlay-type":"","overlay-color":"","overlay-opacity":"","overlay-gradient":""},"mobile":{"background-color":"var(--ast-global-color-5)","background-image":"","background-repeat":"repeat","background-position":"center center","background-size":"auto","background-attachment":"scroll","background-type":"","background-media":"","overlay-type":"","overlay-color":"","overlay-opacity":"","overlay-gradient":""}}},"product_brand":[],"product_cat":[76,69],"product_tag":[],"class_list":{"0":"post-6947","1":"product","2":"type-product","3":"status-publish","4":"has-post-thumbnail","6":"product_cat-novidades","7":"product_cat-roger-marcelo","8":"desktop-align-left","9":"tablet-align-left","10":"mobile-align-left","12":"first","13":"instock","14":"featured","15":"sold-individually","16":"taxable","17":"shipping-taxable","18":"purchasable","19":"product-type-simple"},"jetpack_sharing_enabled":true,"_links":{"self":[{"href":"https:\/\/rootartgallery.com\/index.php?rest_route=\/wp\/v2\/product\/6947","targetHints":{"allow":["GET"]}}],"collection":[{"href":"https:\/\/rootartgallery.com\/index.php?rest_route=\/wp\/v2\/product"}],"about":[{"href":"https:\/\/rootartgallery.com\/index.php?rest_route=\/wp\/v2\/types\/product"}],"version-history":[{"count":2,"href":"https:\/\/rootartgallery.com\/index.php?rest_route=\/wp\/v2\/product\/6947\/revisions"}],"predecessor-version":[{"id":6963,"href":"https:\/\/rootartgallery.com\/index.php?rest_route=\/wp\/v2\/product\/6947\/revisions\/6963"}],"wp:featuredmedia":[{"embeddable":true,"href":"https:\/\/rootartgallery.com\/index.php?rest_route=\/wp\/v2\/media\/6948"}],"wp:attachment":[{"href":"https:\/\/rootartgallery.com\/index.php?rest_route=%2Fwp%2Fv2%2Fmedia&parent=6947"}],"wp:term":[{"taxonomy":"product_brand","embeddable":true,"href":"https:\/\/rootartgallery.com\/index.php?rest_route=%2Fwp%2Fv2%2Fproduct_brand&post=6947"},{"taxonomy":"product_cat","embeddable":true,"href":"https:\/\/rootartgallery.com\/index.php?rest_route=%2Fwp%2Fv2%2Fproduct_cat&post=6947"},{"taxonomy":"product_tag","embeddable":true,"href":"https:\/\/rootartgallery.com\/index.php?rest_route=%2Fwp%2Fv2%2Fproduct_tag&post=6947"}],"curies":[{"name":"wp","href":"https:\/\/api.w.org\/{rel}","templated":true}]}}