{"id":6769,"date":"2025-11-14T16:10:35","date_gmt":"2025-11-14T16:10:35","guid":{"rendered":"https:\/\/rootartgallery.com\/?post_type=product&#038;p=6769"},"modified":"2025-11-14T16:10:35","modified_gmt":"2025-11-14T16:10:35","slug":"onda-2","status":"publish","type":"product","link":"https:\/\/rootartgallery.com\/?product=onda-2","title":{"rendered":"ONDA 2"},"content":{"rendered":"<p style=\"font-weight: 400; text-align: left;\"><strong><span style=\"vertical-align: inherit;\">T\u00edtulo:<\/span><\/strong><span style=\"vertical-align: inherit;\"> ONDA 2<\/span><\/p>\n<p style=\"text-align: left;\"><strong><span style=\"vertical-align: inherit;\">Ref.:<\/span><\/strong><span style=\"vertical-align: inherit;\"> 612<\/span><\/p>\n<p style=\"font-weight: 400; text-align: left;\"><strong><span style=\"vertical-align: inherit;\">Autora:<\/span><\/strong><span style=\"vertical-align: inherit;\"> L\u00cdDIA DE ALMEIDA<\/span><\/p>\n<p><strong>Ano: <\/strong>2025<\/p>\n<p style=\"font-weight: 400; text-align: left;\"><strong><span style=\"vertical-align: inherit;\">T\u00e9cnica:<\/span><\/strong><span style=\"vertical-align: inherit;\"> Acr\u00edlico sobre tela<\/span><\/p>\n<p style=\"font-weight: 400; text-align: left;\"><strong><span style=\"vertical-align: inherit;\">Dimens\u00e3o (alt. x larg.):<\/span><\/strong><span style=\"vertical-align: inherit;\"> 45 x 35 cm<\/span><\/p>\n<p><strong><span style=\"vertical-align: inherit;\">Espessura da tela:<\/span><\/strong><span style=\"vertical-align: inherit;\">\u00a0 2 cm\u00a0<\/span><\/p>\n","protected":false},"excerpt":{"rendered":"<p>T\u00edtulo: ONDA 2 Ref.: 612 Autora: L\u00cdDIA DE ALMEIDA Ano: 2025 T\u00e9cnica: Acr\u00edlico sobre tela Dimens\u00e3o (alt. x larg.): 45 x 35 cm Espessura da tela:\u00a0 2 cm\u00a0<\/p>\n","protected":false},"featured_media":6770,"template":"","meta":{"postBodyCss":"","postBodyMargin":[],"postBodyPadding":[],"postBodyBackground":{"backgroundType":"classic","gradient":""},"site-sidebar-layout":"default","site-content-layout":"","ast-site-content-layout":"default","site-content-style":"default","site-sidebar-style":"default","ast-global-header-display":"","ast-banner-title-visibility":"","ast-main-header-display":"","ast-hfb-above-header-display":"","ast-hfb-below-header-display":"","ast-hfb-mobile-header-display":"","site-post-title":"","ast-breadcrumbs-content":"","ast-featured-img":"","footer-sml-layout":"","ast-disable-related-posts":"","theme-transparent-header-meta":"default","adv-header-id-meta":"","stick-header-meta":"","header-above-stick-meta":"","header-main-stick-meta":"","header-below-stick-meta":"","astra-migrate-meta-layouts":"set","ast-page-background-enabled":"default","ast-page-background-meta":{"desktop":{"background-color":"var(--ast-global-color-4)","background-image":"","background-repeat":"repeat","background-position":"center center","background-size":"auto","background-attachment":"scroll","background-type":"","background-media":"","overlay-type":"","overlay-color":"","overlay-opacity":"","overlay-gradient":""},"tablet":{"background-color":"","background-image":"","background-repeat":"repeat","background-position":"center center","background-size":"auto","background-attachment":"scroll","background-type":"","background-media":"","overlay-type":"","overlay-color":"","overlay-opacity":"","overlay-gradient":""},"mobile":{"background-color":"","background-image":"","background-repeat":"repeat","background-position":"center center","background-size":"auto","background-attachment":"scroll","background-type":"","background-media":"","overlay-type":"","overlay-color":"","overlay-opacity":"","overlay-gradient":""}},"ast-content-background-meta":{"desktop":{"background-color":"var(--ast-global-color-5)","background-image":"","background-repeat":"repeat","background-position":"center center","background-size":"auto","background-attachment":"scroll","background-type":"","background-media":"","overlay-type":"","overlay-color":"","overlay-opacity":"","overlay-gradient":""},"tablet":{"background-color":"var(--ast-global-color-5)","background-image":"","background-repeat":"repeat","background-position":"center center","background-size":"auto","background-attachment":"scroll","background-type":"","background-media":"","overlay-type":"","overlay-color":"","overlay-opacity":"","overlay-gradient":""},"mobile":{"background-color":"var(--ast-global-color-5)","background-image":"","background-repeat":"repeat","background-position":"center center","background-size":"auto","background-attachment":"scroll","background-type":"","background-media":"","overlay-type":"","overlay-color":"","overlay-opacity":"","overlay-gradient":""}}},"product_brand":[],"product_cat":[48,76],"product_tag":[],"class_list":{"0":"post-6769","1":"product","2":"type-product","3":"status-publish","4":"has-post-thumbnail","6":"product_cat-lidia-de-almeida","7":"product_cat-novidades","8":"desktop-align-left","9":"tablet-align-left","10":"mobile-align-left","12":"first","13":"instock","14":"sold-individually","15":"taxable","16":"shipping-taxable","17":"purchasable","18":"product-type-simple"},"jetpack_sharing_enabled":true,"_links":{"self":[{"href":"https:\/\/rootartgallery.com\/index.php?rest_route=\/wp\/v2\/product\/6769","targetHints":{"allow":["GET"]}}],"collection":[{"href":"https:\/\/rootartgallery.com\/index.php?rest_route=\/wp\/v2\/product"}],"about":[{"href":"https:\/\/rootartgallery.com\/index.php?rest_route=\/wp\/v2\/types\/product"}],"version-history":[{"count":1,"href":"https:\/\/rootartgallery.com\/index.php?rest_route=\/wp\/v2\/product\/6769\/revisions"}],"predecessor-version":[{"id":6771,"href":"https:\/\/rootartgallery.com\/index.php?rest_route=\/wp\/v2\/product\/6769\/revisions\/6771"}],"wp:featuredmedia":[{"embeddable":true,"href":"https:\/\/rootartgallery.com\/index.php?rest_route=\/wp\/v2\/media\/6770"}],"wp:attachment":[{"href":"https:\/\/rootartgallery.com\/index.php?rest_route=%2Fwp%2Fv2%2Fmedia&parent=6769"}],"wp:term":[{"taxonomy":"product_brand","embeddable":true,"href":"https:\/\/rootartgallery.com\/index.php?rest_route=%2Fwp%2Fv2%2Fproduct_brand&post=6769"},{"taxonomy":"product_cat","embeddable":true,"href":"https:\/\/rootartgallery.com\/index.php?rest_route=%2Fwp%2Fv2%2Fproduct_cat&post=6769"},{"taxonomy":"product_tag","embeddable":true,"href":"https:\/\/rootartgallery.com\/index.php?rest_route=%2Fwp%2Fv2%2Fproduct_tag&post=6769"}],"curies":[{"name":"wp","href":"https:\/\/api.w.org\/{rel}","templated":true}]}}