{"id":6702,"date":"2025-11-05T17:26:42","date_gmt":"2025-11-05T17:26:42","guid":{"rendered":"https:\/\/rootartgallery.com\/?post_type=product&#038;p=6702"},"modified":"2025-11-05T17:26:43","modified_gmt":"2025-11-05T17:26:43","slug":"entre-os-sonhos-e-as-cores-xlii","status":"publish","type":"product","link":"https:\/\/rootartgallery.com\/?product=entre-os-sonhos-e-as-cores-xlii","title":{"rendered":"ENTRE OS SONHOS E AS CORES XLII"},"content":{"rendered":"<p><strong>T\u00edtulo:<\/strong> &#8221; ENTRE OS SONHOS E AS CORES XLII &#8221;<\/p>\n<p><strong><span dir=\"auto\" style=\"vertical-align: inherit;\">Ref.:\u00a0<\/span><\/strong><span dir=\"auto\" style=\"vertical-align: inherit;\"> 605<\/span><\/p>\n<p><strong>Autor:<\/strong> STELA BARRETO<\/p>\n<p><strong>T\u00e9cnica:<\/strong> Acr\u00edlico e t\u00e9cnicas mistas s\/ tela<\/p>\n<p><strong><span dir=\"auto\" style=\"vertical-align: inherit;\">Dimens\u00f5es<\/span><\/strong><span dir=\"auto\" style=\"vertical-align: inherit;\"> : 60 x 60 cm<\/span><\/p>\n<p><strong>Espessura da tela:<\/strong> Fina<\/p>\n<p><strong>Observa\u00e7\u00f5es:\u00a0<\/strong>Original<\/p>\n","protected":false},"excerpt":{"rendered":"<p>T\u00edtulo: &#8221; ENTRE OS SONHOS E AS CORES XLII &#8221; Ref.:\u00a0 605 Autor: STELA BARRETO T\u00e9cnica: Acr\u00edlico e t\u00e9cnicas mistas s\/ tela Dimens\u00f5es : 60 x 60 cm Espessura da tela: Fina Observa\u00e7\u00f5es:\u00a0Original<\/p>\n","protected":false},"featured_media":6703,"template":"","meta":{"postBodyCss":"","postBodyMargin":[],"postBodyPadding":[],"postBodyBackground":{"backgroundType":"classic","gradient":""},"site-sidebar-layout":"default","site-content-layout":"","ast-site-content-layout":"default","site-content-style":"default","site-sidebar-style":"default","ast-global-header-display":"","ast-banner-title-visibility":"","ast-main-header-display":"","ast-hfb-above-header-display":"","ast-hfb-below-header-display":"","ast-hfb-mobile-header-display":"","site-post-title":"","ast-breadcrumbs-content":"","ast-featured-img":"","footer-sml-layout":"","ast-disable-related-posts":"","theme-transparent-header-meta":"default","adv-header-id-meta":"","stick-header-meta":"","header-above-stick-meta":"","header-main-stick-meta":"","header-below-stick-meta":"","astra-migrate-meta-layouts":"set","ast-page-background-enabled":"default","ast-page-background-meta":{"desktop":{"background-color":"var(--ast-global-color-4)","background-image":"","background-repeat":"repeat","background-position":"center center","background-size":"auto","background-attachment":"scroll","background-type":"","background-media":"","overlay-type":"","overlay-color":"","overlay-opacity":"","overlay-gradient":""},"tablet":{"background-color":"","background-image":"","background-repeat":"repeat","background-position":"center center","background-size":"auto","background-attachment":"scroll","background-type":"","background-media":"","overlay-type":"","overlay-color":"","overlay-opacity":"","overlay-gradient":""},"mobile":{"background-color":"","background-image":"","background-repeat":"repeat","background-position":"center center","background-size":"auto","background-attachment":"scroll","background-type":"","background-media":"","overlay-type":"","overlay-color":"","overlay-opacity":"","overlay-gradient":""}},"ast-content-background-meta":{"desktop":{"background-color":"var(--ast-global-color-5)","background-image":"","background-repeat":"repeat","background-position":"center center","background-size":"auto","background-attachment":"scroll","background-type":"","background-media":"","overlay-type":"","overlay-color":"","overlay-opacity":"","overlay-gradient":""},"tablet":{"background-color":"var(--ast-global-color-5)","background-image":"","background-repeat":"repeat","background-position":"center center","background-size":"auto","background-attachment":"scroll","background-type":"","background-media":"","overlay-type":"","overlay-color":"","overlay-opacity":"","overlay-gradient":""},"mobile":{"background-color":"var(--ast-global-color-5)","background-image":"","background-repeat":"repeat","background-position":"center center","background-size":"auto","background-attachment":"scroll","background-type":"","background-media":"","overlay-type":"","overlay-color":"","overlay-opacity":"","overlay-gradient":""}}},"product_brand":[],"product_cat":[62,76],"product_tag":[],"class_list":{"0":"post-6702","1":"product","2":"type-product","3":"status-publish","4":"has-post-thumbnail","6":"product_cat-stela-barreto","7":"product_cat-novidades","8":"desktop-align-left","9":"tablet-align-left","10":"mobile-align-left","12":"first","13":"instock","14":"sold-individually","15":"taxable","16":"shipping-taxable","17":"purchasable","18":"product-type-simple"},"jetpack_sharing_enabled":true,"_links":{"self":[{"href":"https:\/\/rootartgallery.com\/index.php?rest_route=\/wp\/v2\/product\/6702","targetHints":{"allow":["GET"]}}],"collection":[{"href":"https:\/\/rootartgallery.com\/index.php?rest_route=\/wp\/v2\/product"}],"about":[{"href":"https:\/\/rootartgallery.com\/index.php?rest_route=\/wp\/v2\/types\/product"}],"version-history":[{"count":1,"href":"https:\/\/rootartgallery.com\/index.php?rest_route=\/wp\/v2\/product\/6702\/revisions"}],"predecessor-version":[{"id":6704,"href":"https:\/\/rootartgallery.com\/index.php?rest_route=\/wp\/v2\/product\/6702\/revisions\/6704"}],"wp:featuredmedia":[{"embeddable":true,"href":"https:\/\/rootartgallery.com\/index.php?rest_route=\/wp\/v2\/media\/6703"}],"wp:attachment":[{"href":"https:\/\/rootartgallery.com\/index.php?rest_route=%2Fwp%2Fv2%2Fmedia&parent=6702"}],"wp:term":[{"taxonomy":"product_brand","embeddable":true,"href":"https:\/\/rootartgallery.com\/index.php?rest_route=%2Fwp%2Fv2%2Fproduct_brand&post=6702"},{"taxonomy":"product_cat","embeddable":true,"href":"https:\/\/rootartgallery.com\/index.php?rest_route=%2Fwp%2Fv2%2Fproduct_cat&post=6702"},{"taxonomy":"product_tag","embeddable":true,"href":"https:\/\/rootartgallery.com\/index.php?rest_route=%2Fwp%2Fv2%2Fproduct_tag&post=6702"}],"curies":[{"name":"wp","href":"https:\/\/api.w.org\/{rel}","templated":true}]}}