{"id":6696,"date":"2025-11-05T17:13:05","date_gmt":"2025-11-05T17:13:05","guid":{"rendered":"https:\/\/rootartgallery.com\/?post_type=product&#038;p=6696"},"modified":"2025-11-05T17:13:05","modified_gmt":"2025-11-05T17:13:05","slug":"exploracoes-e-abstracoes-iii","status":"publish","type":"product","link":"https:\/\/rootartgallery.com\/?product=exploracoes-e-abstracoes-iii","title":{"rendered":"EXPLORA\u00c7\u00d5ES E ABSTRA\u00c7\u00d5ES III"},"content":{"rendered":"<p><strong>T\u00edtulo:<\/strong> &#8221; EXPLORA\u00c7\u00d5ES E ABSTRA\u00c7\u00d5ES III &#8221;<\/p>\n<p><strong><span dir=\"auto\" style=\"vertical-align: inherit;\">Ref.:\u00a0<\/span><\/strong><span dir=\"auto\" style=\"vertical-align: inherit;\"> 603<\/span><\/p>\n<p><strong>Autor:<\/strong> STELA BARRETO<\/p>\n<p><strong>T\u00e9cnica:<\/strong> Acr\u00edlico e t\u00e9cnicas mistas s\/ tela<\/p>\n<p><strong><span dir=\"auto\" style=\"vertical-align: inherit;\">Dimens\u00f5es<\/span><\/strong><span dir=\"auto\" style=\"vertical-align: inherit;\"> : 80 x 80 cm<\/span><\/p>\n<p><strong>Espessura da tela:<\/strong> 4 cm<\/p>\n<p><strong>Observa\u00e7\u00f5es:\u00a0<\/strong>Original<\/p>\n","protected":false},"excerpt":{"rendered":"<p>T\u00edtulo: &#8221; EXPLORA\u00c7\u00d5ES E ABSTRA\u00c7\u00d5ES III &#8221; Ref.:\u00a0 603 Autor: STELA BARRETO T\u00e9cnica: Acr\u00edlico e t\u00e9cnicas mistas s\/ tela Dimens\u00f5es : 80 x 80 cm Espessura da tela: 4 cm Observa\u00e7\u00f5es:\u00a0Original<\/p>\n","protected":false},"featured_media":6697,"template":"","meta":{"postBodyCss":"","postBodyMargin":[],"postBodyPadding":[],"postBodyBackground":{"backgroundType":"classic","gradient":""},"site-sidebar-layout":"default","site-content-layout":"","ast-site-content-layout":"default","site-content-style":"default","site-sidebar-style":"default","ast-global-header-display":"","ast-banner-title-visibility":"","ast-main-header-display":"","ast-hfb-above-header-display":"","ast-hfb-below-header-display":"","ast-hfb-mobile-header-display":"","site-post-title":"","ast-breadcrumbs-content":"","ast-featured-img":"","footer-sml-layout":"","ast-disable-related-posts":"","theme-transparent-header-meta":"default","adv-header-id-meta":"","stick-header-meta":"","header-above-stick-meta":"","header-main-stick-meta":"","header-below-stick-meta":"","astra-migrate-meta-layouts":"set","ast-page-background-enabled":"default","ast-page-background-meta":{"desktop":{"background-color":"var(--ast-global-color-4)","background-image":"","background-repeat":"repeat","background-position":"center center","background-size":"auto","background-attachment":"scroll","background-type":"","background-media":"","overlay-type":"","overlay-color":"","overlay-opacity":"","overlay-gradient":""},"tablet":{"background-color":"","background-image":"","background-repeat":"repeat","background-position":"center center","background-size":"auto","background-attachment":"scroll","background-type":"","background-media":"","overlay-type":"","overlay-color":"","overlay-opacity":"","overlay-gradient":""},"mobile":{"background-color":"","background-image":"","background-repeat":"repeat","background-position":"center center","background-size":"auto","background-attachment":"scroll","background-type":"","background-media":"","overlay-type":"","overlay-color":"","overlay-opacity":"","overlay-gradient":""}},"ast-content-background-meta":{"desktop":{"background-color":"var(--ast-global-color-5)","background-image":"","background-repeat":"repeat","background-position":"center center","background-size":"auto","background-attachment":"scroll","background-type":"","background-media":"","overlay-type":"","overlay-color":"","overlay-opacity":"","overlay-gradient":""},"tablet":{"background-color":"var(--ast-global-color-5)","background-image":"","background-repeat":"repeat","background-position":"center center","background-size":"auto","background-attachment":"scroll","background-type":"","background-media":"","overlay-type":"","overlay-color":"","overlay-opacity":"","overlay-gradient":""},"mobile":{"background-color":"var(--ast-global-color-5)","background-image":"","background-repeat":"repeat","background-position":"center center","background-size":"auto","background-attachment":"scroll","background-type":"","background-media":"","overlay-type":"","overlay-color":"","overlay-opacity":"","overlay-gradient":""}}},"product_brand":[],"product_cat":[62,76],"product_tag":[],"class_list":{"0":"post-6696","1":"product","2":"type-product","3":"status-publish","4":"has-post-thumbnail","6":"product_cat-stela-barreto","7":"product_cat-novidades","8":"desktop-align-left","9":"tablet-align-left","10":"mobile-align-left","12":"first","13":"instock","14":"sold-individually","15":"taxable","16":"shipping-taxable","17":"purchasable","18":"product-type-simple"},"jetpack_sharing_enabled":true,"_links":{"self":[{"href":"https:\/\/rootartgallery.com\/index.php?rest_route=\/wp\/v2\/product\/6696","targetHints":{"allow":["GET"]}}],"collection":[{"href":"https:\/\/rootartgallery.com\/index.php?rest_route=\/wp\/v2\/product"}],"about":[{"href":"https:\/\/rootartgallery.com\/index.php?rest_route=\/wp\/v2\/types\/product"}],"version-history":[{"count":1,"href":"https:\/\/rootartgallery.com\/index.php?rest_route=\/wp\/v2\/product\/6696\/revisions"}],"predecessor-version":[{"id":6698,"href":"https:\/\/rootartgallery.com\/index.php?rest_route=\/wp\/v2\/product\/6696\/revisions\/6698"}],"wp:featuredmedia":[{"embeddable":true,"href":"https:\/\/rootartgallery.com\/index.php?rest_route=\/wp\/v2\/media\/6697"}],"wp:attachment":[{"href":"https:\/\/rootartgallery.com\/index.php?rest_route=%2Fwp%2Fv2%2Fmedia&parent=6696"}],"wp:term":[{"taxonomy":"product_brand","embeddable":true,"href":"https:\/\/rootartgallery.com\/index.php?rest_route=%2Fwp%2Fv2%2Fproduct_brand&post=6696"},{"taxonomy":"product_cat","embeddable":true,"href":"https:\/\/rootartgallery.com\/index.php?rest_route=%2Fwp%2Fv2%2Fproduct_cat&post=6696"},{"taxonomy":"product_tag","embeddable":true,"href":"https:\/\/rootartgallery.com\/index.php?rest_route=%2Fwp%2Fv2%2Fproduct_tag&post=6696"}],"curies":[{"name":"wp","href":"https:\/\/api.w.org\/{rel}","templated":true}]}}