{"id":3331,"date":"2025-01-31T15:00:41","date_gmt":"2025-01-31T15:00:41","guid":{"rendered":"https:\/\/rootartgallery.com\/?post_type=product&#038;p=3331"},"modified":"2025-04-15T13:21:28","modified_gmt":"2025-04-15T13:21:28","slug":"ensaio-para-nova-harmonia-vi","status":"publish","type":"product","link":"https:\/\/rootartgallery.com\/?product=ensaio-para-nova-harmonia-vi","title":{"rendered":"ENSAIO PARA NOVA HARMONIA VI"},"content":{"rendered":"<p><strong>Titulo:<\/strong> ENSAIO PARA NOVA HARMONIA VI<\/p>\n<p><strong>Ref.: <\/strong>441<\/p>\n<p><strong>Autor:<\/strong> STELA BARRETO<\/p>\n<p><strong>T\u00e9cnica:<\/strong> Acr\u00edlico e t\u00e9cnicas mistas s\/ tela<\/p>\n<p><strong>Dimens\u00f5es\u00a0<\/strong>(largura x altura): 40 x 40 cm<\/p>\n<p><strong>Espessura da tela:<\/strong> Fina<\/p>\n<p><strong>Observa\u00e7\u00f5es:\u00a0<\/strong>Original<\/p>\n","protected":false},"excerpt":{"rendered":"<p>Titulo: ENSAIO PARA NOVA HARMONIA VI Ref.: 441 Autor: STELA BARRETO T\u00e9cnica: Acr\u00edlico e t\u00e9cnicas mistas s\/ tela Dimens\u00f5es\u00a0(largura x altura): 40 x 40 cm Espessura da tela: Fina Observa\u00e7\u00f5es:\u00a0Original<\/p>\n","protected":false},"featured_media":3332,"template":"","meta":{"postBodyCss":"","postBodyMargin":[],"postBodyPadding":[],"postBodyBackground":{"backgroundType":"classic","gradient":""},"site-sidebar-layout":"default","site-content-layout":"","ast-site-content-layout":"default","site-content-style":"default","site-sidebar-style":"default","ast-global-header-display":"","ast-banner-title-visibility":"","ast-main-header-display":"","ast-hfb-above-header-display":"","ast-hfb-below-header-display":"","ast-hfb-mobile-header-display":"","site-post-title":"","ast-breadcrumbs-content":"","ast-featured-img":"","footer-sml-layout":"","ast-disable-related-posts":"","theme-transparent-header-meta":"default","adv-header-id-meta":"","stick-header-meta":"","header-above-stick-meta":"","header-main-stick-meta":"","header-below-stick-meta":"","astra-migrate-meta-layouts":"set","ast-page-background-enabled":"default","ast-page-background-meta":{"desktop":{"background-color":"var(--ast-global-color-4)","background-image":"","background-repeat":"repeat","background-position":"center center","background-size":"auto","background-attachment":"scroll","background-type":"","background-media":"","overlay-type":"","overlay-color":"","overlay-opacity":"","overlay-gradient":""},"tablet":{"background-color":"","background-image":"","background-repeat":"repeat","background-position":"center center","background-size":"auto","background-attachment":"scroll","background-type":"","background-media":"","overlay-type":"","overlay-color":"","overlay-opacity":"","overlay-gradient":""},"mobile":{"background-color":"","background-image":"","background-repeat":"repeat","background-position":"center center","background-size":"auto","background-attachment":"scroll","background-type":"","background-media":"","overlay-type":"","overlay-color":"","overlay-opacity":"","overlay-gradient":""}},"ast-content-background-meta":{"desktop":{"background-color":"var(--ast-global-color-5)","background-image":"","background-repeat":"repeat","background-position":"center center","background-size":"auto","background-attachment":"scroll","background-type":"","background-media":"","overlay-type":"","overlay-color":"","overlay-opacity":"","overlay-gradient":""},"tablet":{"background-color":"var(--ast-global-color-5)","background-image":"","background-repeat":"repeat","background-position":"center center","background-size":"auto","background-attachment":"scroll","background-type":"","background-media":"","overlay-type":"","overlay-color":"","overlay-opacity":"","overlay-gradient":""},"mobile":{"background-color":"var(--ast-global-color-5)","background-image":"","background-repeat":"repeat","background-position":"center center","background-size":"auto","background-attachment":"scroll","background-type":"","background-media":"","overlay-type":"","overlay-color":"","overlay-opacity":"","overlay-gradient":""}}},"product_brand":[],"product_cat":[62],"product_tag":[],"class_list":{"0":"post-3331","1":"product","2":"type-product","3":"status-publish","4":"has-post-thumbnail","6":"product_cat-stela-barreto","7":"desktop-align-left","8":"tablet-align-left","9":"mobile-align-left","11":"first","12":"instock","13":"featured","14":"sold-individually","15":"taxable","16":"shipping-taxable","17":"purchasable","18":"product-type-simple"},"jetpack_sharing_enabled":true,"_links":{"self":[{"href":"https:\/\/rootartgallery.com\/index.php?rest_route=\/wp\/v2\/product\/3331","targetHints":{"allow":["GET"]}}],"collection":[{"href":"https:\/\/rootartgallery.com\/index.php?rest_route=\/wp\/v2\/product"}],"about":[{"href":"https:\/\/rootartgallery.com\/index.php?rest_route=\/wp\/v2\/types\/product"}],"version-history":[{"count":1,"href":"https:\/\/rootartgallery.com\/index.php?rest_route=\/wp\/v2\/product\/3331\/revisions"}],"predecessor-version":[{"id":3333,"href":"https:\/\/rootartgallery.com\/index.php?rest_route=\/wp\/v2\/product\/3331\/revisions\/3333"}],"wp:featuredmedia":[{"embeddable":true,"href":"https:\/\/rootartgallery.com\/index.php?rest_route=\/wp\/v2\/media\/3332"}],"wp:attachment":[{"href":"https:\/\/rootartgallery.com\/index.php?rest_route=%2Fwp%2Fv2%2Fmedia&parent=3331"}],"wp:term":[{"taxonomy":"product_brand","embeddable":true,"href":"https:\/\/rootartgallery.com\/index.php?rest_route=%2Fwp%2Fv2%2Fproduct_brand&post=3331"},{"taxonomy":"product_cat","embeddable":true,"href":"https:\/\/rootartgallery.com\/index.php?rest_route=%2Fwp%2Fv2%2Fproduct_cat&post=3331"},{"taxonomy":"product_tag","embeddable":true,"href":"https:\/\/rootartgallery.com\/index.php?rest_route=%2Fwp%2Fv2%2Fproduct_tag&post=3331"}],"curies":[{"name":"wp","href":"https:\/\/api.w.org\/{rel}","templated":true}]}}