{"id":6979,"date":"2026-03-13T13:19:34","date_gmt":"2026-03-13T13:19:34","guid":{"rendered":"https:\/\/rootartgallery.com\/?page_id=6979"},"modified":"2026-03-13T13:33:26","modified_gmt":"2026-03-13T13:33:26","slug":"wesley-decuypere-azair","status":"publish","type":"page","link":"https:\/\/rootartgallery.com\/?page_id=6979","title":{"rendered":"WESLEY DECUYPERE &#8221; AZAIR &#8220;"},"content":{"rendered":"\t\t<div data-elementor-type=\"wp-page\" data-elementor-id=\"6979\" class=\"elementor elementor-6979\" data-elementor-post-type=\"page\">\n\t\t\t\t\t\t<section class=\"elementor-section elementor-top-section elementor-element elementor-element-d03254c elementor-section-boxed elementor-section-height-default elementor-section-height-default\" data-id=\"d03254c\" data-element_type=\"section\" data-e-type=\"section\">\n\t\t\t\t\t\t<div class=\"elementor-container elementor-column-gap-default\">\n\t\t\t\t\t<div class=\"elementor-column elementor-col-100 elementor-top-column elementor-element elementor-element-cfa9de2\" data-id=\"cfa9de2\" data-element_type=\"column\" data-e-type=\"column\">\n\t\t\t<div class=\"elementor-widget-wrap\">\n\t\t\t\t\t\t\t<\/div>\n\t\t<\/div>\n\t\t\t\t\t<\/div>\n\t\t<\/section>\n\t\t\t\t<section class=\"elementor-section elementor-top-section elementor-element elementor-element-6b3077b elementor-section-boxed elementor-section-height-default elementor-section-height-default\" data-id=\"6b3077b\" data-element_type=\"section\" data-e-type=\"section\">\n\t\t\t\t\t\t<div class=\"elementor-container elementor-column-gap-default\">\n\t\t\t\t\t<div class=\"elementor-column elementor-col-100 elementor-top-column elementor-element elementor-element-e3bb7b8\" data-id=\"e3bb7b8\" data-element_type=\"column\" data-e-type=\"column\">\n\t\t\t<div class=\"elementor-widget-wrap elementor-element-populated\">\n\t\t\t\t\t\t<div class=\"elementor-element elementor-element-abe5e77 elementor-widget elementor-widget-heading\" data-id=\"abe5e77\" data-element_type=\"widget\" data-e-type=\"widget\" data-widget_type=\"heading.default\">\n\t\t\t\t<div class=\"elementor-widget-container\">\n\t\t\t\t\t<h1 class=\"elementor-heading-title elementor-size-default\">WESLEY DECUYPERE \" AZAIR \"<\/h1>\t\t\t\t<\/div>\n\t\t\t\t<\/div>\n\t\t\t\t\t<\/div>\n\t\t<\/div>\n\t\t\t\t\t<\/div>\n\t\t<\/section>\n\t\t\t\t<section class=\"elementor-section elementor-top-section elementor-element elementor-element-141a08a elementor-section-content-middle elementor-reverse-mobile elementor-section-boxed elementor-section-height-default elementor-section-height-default\" data-id=\"141a08a\" data-element_type=\"section\" data-e-type=\"section\" data-settings=\"{&quot;background_background&quot;:&quot;gradient&quot;}\">\n\t\t\t\t\t\t\t<div class=\"elementor-background-overlay\"><\/div>\n\t\t\t\t\t\t\t<div class=\"elementor-container elementor-column-gap-default\">\n\t\t\t\t\t<div class=\"elementor-column elementor-col-33 elementor-top-column elementor-element elementor-element-493f20e\" data-id=\"493f20e\" data-element_type=\"column\" data-e-type=\"column\">\n\t\t\t<div class=\"elementor-widget-wrap elementor-element-populated\">\n\t\t\t\t\t\t<div class=\"elementor-element elementor-element-4e72b09 elementor-widget elementor-widget-text-editor\" data-id=\"4e72b09\" data-element_type=\"widget\" data-e-type=\"widget\" data-widget_type=\"text-editor.default\">\n\t\t\t\t<div class=\"elementor-widget-container\">\n\t\t\t\t\t\t\t\t\t<p style=\"text-align: center;\"><strong>WES &#8220;AZAIR&#8221; <\/strong><\/p><p style=\"text-align: center;\">Pintor Abstrato<\/p><p style=\"text-align: center;\"><strong>&#8220;A luz encontra sempre o seu caminho.&#8221;<\/strong><\/p><p>\u00a0<\/p><p>Wes Azair \u00e9 um pintor abstrato belga cuja jornada art\u00edstica come\u00e7ou ap\u00f3s um acidente de mota que mudou a sua vida, obrigando-o a deixar a sua vida em Lagos, Portugal, e regressar \u00e0 B\u00e9lgica para recupera\u00e7\u00e3o.<\/p><p>Durante esse per\u00edodo, a pintura tornou-se simultaneamente terapia e transforma\u00e7\u00e3o.\u00a0<\/p><p>Nos \u00faltimos dois anos, o seu trabalho evoluiu atrav\u00e9s de um profundo crescimento pessoal e espiritual. Inspirado pela natureza, pela luz e pelos contrastes da vida, Azair cria composi\u00e7\u00f5es minimalistas a preto e branco utilizando uma t\u00e9cnica pr\u00f3pria desenvolvida pelo artista.<\/p><p>As suas obras convidam o observador a entrar num espa\u00e7o de imagina\u00e7\u00e3o e presen\u00e7a, onde cada pe\u00e7a pode ser sentida e interpretada de forma \u00fanica.\u00a0<\/p>\t\t\t\t\t\t\t\t<\/div>\n\t\t\t\t<\/div>\n\t\t\t\t\t<\/div>\n\t\t<\/div>\n\t\t\t\t<div class=\"elementor-column elementor-col-66 elementor-top-column elementor-element elementor-element-dae70cc\" data-id=\"dae70cc\" data-element_type=\"column\" data-e-type=\"column\">\n\t\t\t<div class=\"elementor-widget-wrap elementor-element-populated\">\n\t\t\t\t\t\t<div class=\"elementor-element elementor-element-10121dc elementor-widget elementor-widget-image\" data-id=\"10121dc\" data-element_type=\"widget\" data-e-type=\"widget\" data-widget_type=\"image.default\">\n\t\t\t\t<div class=\"elementor-widget-container\">\n\t\t\t\t\t\t\t\t\t\t\t\t\t\t\t<img fetchpriority=\"high\" decoding=\"async\" width=\"1600\" height=\"1532\" src=\"https:\/\/i0.wp.com\/rootartgallery.com\/wp-content\/uploads\/2026\/03\/WhatsApp-Image-2026-03-11-at-17.37.25.jpeg?fit=1600%2C1532&amp;ssl=1\" class=\"attachment-full size-full wp-image-6981\" alt=\"\" srcset=\"https:\/\/i0.wp.com\/rootartgallery.com\/wp-content\/uploads\/2026\/03\/WhatsApp-Image-2026-03-11-at-17.37.25.jpeg?w=1600&amp;ssl=1 1600w, https:\/\/i0.wp.com\/rootartgallery.com\/wp-content\/uploads\/2026\/03\/WhatsApp-Image-2026-03-11-at-17.37.25.jpeg?resize=300%2C287&amp;ssl=1 300w, https:\/\/i0.wp.com\/rootartgallery.com\/wp-content\/uploads\/2026\/03\/WhatsApp-Image-2026-03-11-at-17.37.25.jpeg?resize=1024%2C980&amp;ssl=1 1024w, https:\/\/i0.wp.com\/rootartgallery.com\/wp-content\/uploads\/2026\/03\/WhatsApp-Image-2026-03-11-at-17.37.25.jpeg?resize=768%2C735&amp;ssl=1 768w, https:\/\/i0.wp.com\/rootartgallery.com\/wp-content\/uploads\/2026\/03\/WhatsApp-Image-2026-03-11-at-17.37.25.jpeg?resize=1536%2C1471&amp;ssl=1 1536w, https:\/\/i0.wp.com\/rootartgallery.com\/wp-content\/uploads\/2026\/03\/WhatsApp-Image-2026-03-11-at-17.37.25.jpeg?resize=600%2C575&amp;ssl=1 600w\" sizes=\"(max-width: 1180px) 100vw, 1180px\" \/>\t\t\t\t\t\t\t\t\t\t\t\t\t\t\t<\/div>\n\t\t\t\t<\/div>\n\t\t\t\t\t<\/div>\n\t\t<\/div>\n\t\t\t\t\t<\/div>\n\t\t<\/section>\n\t\t\t\t<section class=\"elementor-section elementor-top-section elementor-element elementor-element-568b162 elementor-section-boxed elementor-section-height-default elementor-section-height-default\" data-id=\"568b162\" data-element_type=\"section\" data-e-type=\"section\">\n\t\t\t\t\t\t<div class=\"elementor-container elementor-column-gap-default\">\n\t\t\t\t\t<div class=\"elementor-column elementor-col-100 elementor-top-column elementor-element elementor-element-9d2f2b1\" data-id=\"9d2f2b1\" data-element_type=\"column\" data-e-type=\"column\">\n\t\t\t<div class=\"elementor-widget-wrap elementor-element-populated\">\n\t\t\t\t\t\t<div class=\"elementor-element elementor-element-ca13568 elementor-widget-divider--view-line_text elementor-widget-divider--element-align-center elementor-widget elementor-widget-divider\" data-id=\"ca13568\" data-element_type=\"widget\" data-e-type=\"widget\" data-widget_type=\"divider.default\">\n\t\t\t\t<div class=\"elementor-widget-container\">\n\t\t\t\t\t\t\t<div class=\"elementor-divider\">\n\t\t\t<span class=\"elementor-divider-separator\">\n\t\t\t\t\t\t\t<h1 class=\"elementor-divider__text elementor-divider__element\">\n\t\t\t\tOBRAS DO ARTISTA DISPON\u00cdVEIS\t\t\t\t<\/h1>\n\t\t\t\t\t\t<\/span>\n\t\t<\/div>\n\t\t\t\t\t\t<\/div>\n\t\t\t\t<\/div>\n\t\t\t\t\t<\/div>\n\t\t<\/div>\n\t\t\t\t\t<\/div>\n\t\t<\/section>\n\t\t\t\t<section class=\"elementor-section elementor-top-section elementor-element elementor-element-3ae9637 elementor-section-boxed elementor-section-height-default elementor-section-height-default\" data-id=\"3ae9637\" data-element_type=\"section\" data-e-type=\"section\">\n\t\t\t\t\t\t<div class=\"elementor-container elementor-column-gap-default\">\n\t\t\t\t\t<div class=\"elementor-column elementor-col-66 elementor-top-column elementor-element elementor-element-59dc4f9\" data-id=\"59dc4f9\" data-element_type=\"column\" data-e-type=\"column\">\n\t\t\t<div class=\"elementor-widget-wrap elementor-element-populated\">\n\t\t\t\t\t\t<div class=\"elementor-element elementor-element-d49af71 elementor-widget elementor-widget-image\" data-id=\"d49af71\" data-element_type=\"widget\" data-e-type=\"widget\" data-widget_type=\"image.default\">\n\t\t\t\t<div class=\"elementor-widget-container\">\n\t\t\t\t\t\t\t\t\t\t\t\t\t\t\t<img decoding=\"async\" width=\"242\" height=\"300\" src=\"https:\/\/i0.wp.com\/rootartgallery.com\/wp-content\/uploads\/2026\/03\/675_ENDURING-SHADOWS-1-scaled.jpg?fit=242%2C300&amp;ssl=1\" class=\"attachment-medium size-medium wp-image-6982\" alt=\"\" srcset=\"https:\/\/i0.wp.com\/rootartgallery.com\/wp-content\/uploads\/2026\/03\/675_ENDURING-SHADOWS-1-scaled.jpg?w=2063&amp;ssl=1 2063w, https:\/\/i0.wp.com\/rootartgallery.com\/wp-content\/uploads\/2026\/03\/675_ENDURING-SHADOWS-1-scaled.jpg?resize=242%2C300&amp;ssl=1 242w, https:\/\/i0.wp.com\/rootartgallery.com\/wp-content\/uploads\/2026\/03\/675_ENDURING-SHADOWS-1-scaled.jpg?resize=825%2C1024&amp;ssl=1 825w, https:\/\/i0.wp.com\/rootartgallery.com\/wp-content\/uploads\/2026\/03\/675_ENDURING-SHADOWS-1-scaled.jpg?resize=768%2C953&amp;ssl=1 768w, https:\/\/i0.wp.com\/rootartgallery.com\/wp-content\/uploads\/2026\/03\/675_ENDURING-SHADOWS-1-scaled.jpg?resize=1238%2C1536&amp;ssl=1 1238w, https:\/\/i0.wp.com\/rootartgallery.com\/wp-content\/uploads\/2026\/03\/675_ENDURING-SHADOWS-1-scaled.jpg?resize=1650%2C2048&amp;ssl=1 1650w, https:\/\/i0.wp.com\/rootartgallery.com\/wp-content\/uploads\/2026\/03\/675_ENDURING-SHADOWS-1-scaled.jpg?resize=600%2C745&amp;ssl=1 600w\" sizes=\"(max-width: 242px) 100vw, 242px\" \/>\t\t\t\t\t\t\t\t\t\t\t\t\t\t\t<\/div>\n\t\t\t\t<\/div>\n\t\t\t\t\t<\/div>\n\t\t<\/div>\n\t\t\t\t<div class=\"elementor-column elementor-col-33 elementor-top-column elementor-element elementor-element-4627dcb\" data-id=\"4627dcb\" data-element_type=\"column\" data-e-type=\"column\">\n\t\t\t<div class=\"elementor-widget-wrap elementor-element-populated\">\n\t\t\t\t\t\t<div class=\"elementor-element elementor-element-1ef29b3 elementor-widget elementor-widget-text-editor\" data-id=\"1ef29b3\" data-element_type=\"widget\" data-e-type=\"widget\" data-widget_type=\"text-editor.default\">\n\t\t\t\t<div class=\"elementor-widget-container\">\n\t\t\t\t\t\t\t\t\t<p><a href=\"https:\/\/rootartgallery.com\/?product=enduring-shadows\"><strong>ENDURING SHADOWS<\/strong><\/a><\/p>\t\t\t\t\t\t\t\t<\/div>\n\t\t\t\t<\/div>\n\t\t\t\t<div class=\"elementor-element elementor-element-07a72f4 elementor-widget elementor-widget-text-editor\" data-id=\"07a72f4\" data-element_type=\"widget\" data-e-type=\"widget\" data-widget_type=\"text-editor.default\">\n\t\t\t\t<div class=\"elementor-widget-container\">\n\t\t\t\t\t\t\t\t\t<hr \/><p style=\"text-align: center;\">\u00a0<\/p>\t\t\t\t\t\t\t\t<\/div>\n\t\t\t\t<\/div>\n\t\t\t\t<div class=\"elementor-element elementor-element-d991b79 elementor-widget elementor-widget-text-editor\" data-id=\"d991b79\" data-element_type=\"widget\" data-e-type=\"widget\" data-widget_type=\"text-editor.default\">\n\t\t\t\t<div class=\"elementor-widget-container\">\n\t\t\t\t\t\t\t\t\t<p>29,7 x 42 cm<\/p>\t\t\t\t\t\t\t\t<\/div>\n\t\t\t\t<\/div>\n\t\t\t\t<div class=\"elementor-element elementor-element-55c3853 elementor-widget elementor-widget-text-editor\" data-id=\"55c3853\" data-element_type=\"widget\" data-e-type=\"widget\" data-widget_type=\"text-editor.default\">\n\t\t\t\t<div class=\"elementor-widget-container\">\n\t\t\t\t\t\t\t\t\t<p>Pintura original<\/p>\t\t\t\t\t\t\t\t<\/div>\n\t\t\t\t<\/div>\n\t\t\t\t\t<\/div>\n\t\t<\/div>\n\t\t\t\t\t<\/div>\n\t\t<\/section>\n\t\t\t\t<section class=\"elementor-section elementor-top-section elementor-element elementor-element-fa7ce32 elementor-section-boxed elementor-section-height-default elementor-section-height-default\" data-id=\"fa7ce32\" data-element_type=\"section\" data-e-type=\"section\">\n\t\t\t\t\t\t<div class=\"elementor-container elementor-column-gap-default\">\n\t\t\t\t\t<div class=\"elementor-column elementor-col-100 elementor-top-column elementor-element elementor-element-f968454\" data-id=\"f968454\" data-element_type=\"column\" data-e-type=\"column\">\n\t\t\t<div class=\"elementor-widget-wrap elementor-element-populated\">\n\t\t\t\t\t\t<div class=\"elementor-element elementor-element-12fa902 elementor-widget-divider--view-line elementor-widget elementor-widget-divider\" data-id=\"12fa902\" data-element_type=\"widget\" data-e-type=\"widget\" data-widget_type=\"divider.default\">\n\t\t\t\t<div class=\"elementor-widget-container\">\n\t\t\t\t\t\t\t<div class=\"elementor-divider\">\n\t\t\t<span class=\"elementor-divider-separator\">\n\t\t\t\t\t\t<\/span>\n\t\t<\/div>\n\t\t\t\t\t\t<\/div>\n\t\t\t\t<\/div>\n\t\t\t\t\t<\/div>\n\t\t<\/div>\n\t\t\t\t\t<\/div>\n\t\t<\/section>\n\t\t\t\t<section class=\"elementor-section elementor-top-section elementor-element elementor-element-54351ef elementor-section-boxed elementor-section-height-default elementor-section-height-default\" data-id=\"54351ef\" data-element_type=\"section\" data-e-type=\"section\">\n\t\t\t\t\t\t<div class=\"elementor-container elementor-column-gap-default\">\n\t\t\t\t\t<div class=\"elementor-column elementor-col-66 elementor-top-column elementor-element elementor-element-50e34ef\" data-id=\"50e34ef\" data-element_type=\"column\" data-e-type=\"column\">\n\t\t\t<div class=\"elementor-widget-wrap elementor-element-populated\">\n\t\t\t\t\t\t<div class=\"elementor-element elementor-element-7e2494f elementor-widget elementor-widget-image\" data-id=\"7e2494f\" data-element_type=\"widget\" data-e-type=\"widget\" data-widget_type=\"image.default\">\n\t\t\t\t<div class=\"elementor-widget-container\">\n\t\t\t\t\t\t\t\t\t\t\t\t\t\t\t<img decoding=\"async\" width=\"244\" height=\"300\" src=\"https:\/\/i0.wp.com\/rootartgallery.com\/wp-content\/uploads\/2026\/03\/676_INTERSECTIONS-3-scaled.jpg?fit=244%2C300&amp;ssl=1\" class=\"attachment-medium size-medium wp-image-6985\" alt=\"\" srcset=\"https:\/\/i0.wp.com\/rootartgallery.com\/wp-content\/uploads\/2026\/03\/676_INTERSECTIONS-3-scaled.jpg?w=2084&amp;ssl=1 2084w, https:\/\/i0.wp.com\/rootartgallery.com\/wp-content\/uploads\/2026\/03\/676_INTERSECTIONS-3-scaled.jpg?resize=244%2C300&amp;ssl=1 244w, https:\/\/i0.wp.com\/rootartgallery.com\/wp-content\/uploads\/2026\/03\/676_INTERSECTIONS-3-scaled.jpg?resize=834%2C1024&amp;ssl=1 834w, https:\/\/i0.wp.com\/rootartgallery.com\/wp-content\/uploads\/2026\/03\/676_INTERSECTIONS-3-scaled.jpg?resize=768%2C943&amp;ssl=1 768w, https:\/\/i0.wp.com\/rootartgallery.com\/wp-content\/uploads\/2026\/03\/676_INTERSECTIONS-3-scaled.jpg?resize=1251%2C1536&amp;ssl=1 1251w, https:\/\/i0.wp.com\/rootartgallery.com\/wp-content\/uploads\/2026\/03\/676_INTERSECTIONS-3-scaled.jpg?resize=1668%2C2048&amp;ssl=1 1668w, https:\/\/i0.wp.com\/rootartgallery.com\/wp-content\/uploads\/2026\/03\/676_INTERSECTIONS-3-scaled.jpg?resize=600%2C737&amp;ssl=1 600w\" sizes=\"(max-width: 244px) 100vw, 244px\" \/>\t\t\t\t\t\t\t\t\t\t\t\t\t\t\t<\/div>\n\t\t\t\t<\/div>\n\t\t\t\t\t<\/div>\n\t\t<\/div>\n\t\t\t\t<div class=\"elementor-column elementor-col-33 elementor-top-column elementor-element elementor-element-f7771db\" data-id=\"f7771db\" data-element_type=\"column\" data-e-type=\"column\">\n\t\t\t<div class=\"elementor-widget-wrap elementor-element-populated\">\n\t\t\t\t\t\t<div class=\"elementor-element elementor-element-c910cc8 elementor-widget elementor-widget-text-editor\" data-id=\"c910cc8\" data-element_type=\"widget\" data-e-type=\"widget\" data-widget_type=\"text-editor.default\">\n\t\t\t\t<div class=\"elementor-widget-container\">\n\t\t\t\t\t\t\t\t\t<p><a href=\"https:\/\/rootartgallery.com\/?product=intersections\"><strong>INTERSECTIONS<\/strong><\/a><\/p>\t\t\t\t\t\t\t\t<\/div>\n\t\t\t\t<\/div>\n\t\t\t\t<div class=\"elementor-element elementor-element-6f534aa elementor-widget elementor-widget-text-editor\" data-id=\"6f534aa\" data-element_type=\"widget\" data-e-type=\"widget\" data-widget_type=\"text-editor.default\">\n\t\t\t\t<div class=\"elementor-widget-container\">\n\t\t\t\t\t\t\t\t\t<hr \/><p>\u00a0<\/p>\t\t\t\t\t\t\t\t<\/div>\n\t\t\t\t<\/div>\n\t\t\t\t<div class=\"elementor-element elementor-element-7b2d3fb elementor-widget elementor-widget-text-editor\" data-id=\"7b2d3fb\" data-element_type=\"widget\" data-e-type=\"widget\" data-widget_type=\"text-editor.default\">\n\t\t\t\t<div class=\"elementor-widget-container\">\n\t\t\t\t\t\t\t\t\t<p>29,7 x 42 cm<\/p>\t\t\t\t\t\t\t\t<\/div>\n\t\t\t\t<\/div>\n\t\t\t\t<div class=\"elementor-element elementor-element-4262f8a elementor-widget elementor-widget-text-editor\" data-id=\"4262f8a\" data-element_type=\"widget\" data-e-type=\"widget\" data-widget_type=\"text-editor.default\">\n\t\t\t\t<div class=\"elementor-widget-container\">\n\t\t\t\t\t\t\t\t\t<p>Pintura original<\/p>\t\t\t\t\t\t\t\t<\/div>\n\t\t\t\t<\/div>\n\t\t\t\t\t<\/div>\n\t\t<\/div>\n\t\t\t\t\t<\/div>\n\t\t<\/section>\n\t\t\t\t<\/div>\n\t\t","protected":false},"excerpt":{"rendered":"<p>WESLEY DECUYPERE &#8221; AZAIR &#8220; WES &#8220;AZAIR&#8221; Pintor Abstrato &#8220;A luz encontra sempre o seu caminho.&#8221; \u00a0 Wes Azair \u00e9 um pintor abstrato belga cuja jornada art\u00edstica come\u00e7ou ap\u00f3s um acidente de mota que mudou a sua vida, obrigando-o a deixar a sua vida em Lagos, Portugal, e regressar \u00e0 B\u00e9lgica para recupera\u00e7\u00e3o. Durante esse [&hellip;]<\/p>\n","protected":false},"author":1,"featured_media":0,"parent":0,"menu_order":0,"comment_status":"closed","ping_status":"closed","template":"","meta":{"postBodyCss":"","postBodyMargin":[],"postBodyPadding":[],"postBodyBackground":{"backgroundType":"classic","gradient":""},"site-sidebar-layout":"default","site-content-layout":"","ast-site-content-layout":"default","site-content-style":"default","site-sidebar-style":"default","ast-global-header-display":"","ast-banner-title-visibility":"","ast-main-header-display":"","ast-hfb-above-header-display":"","ast-hfb-below-header-display":"","ast-hfb-mobile-header-display":"","site-post-title":"disabled","ast-breadcrumbs-content":"","ast-featured-img":"","footer-sml-layout":"","ast-disable-related-posts":"","theme-transparent-header-meta":"","adv-header-id-meta":"","stick-header-meta":"","header-above-stick-meta":"","header-main-stick-meta":"","header-below-stick-meta":"","astra-migrate-meta-layouts":"default","ast-page-background-enabled":"default","ast-page-background-meta":{"desktop":{"background-color":"var(--ast-global-color-4)","background-image":"","background-repeat":"repeat","background-position":"center center","background-size":"auto","background-attachment":"scroll","background-type":"","background-media":"","overlay-type":"","overlay-color":"","overlay-opacity":"","overlay-gradient":""},"tablet":{"background-color":"","background-image":"","background-repeat":"repeat","background-position":"center center","background-size":"auto","background-attachment":"scroll","background-type":"","background-media":"","overlay-type":"","overlay-color":"","overlay-opacity":"","overlay-gradient":""},"mobile":{"background-color":"","background-image":"","background-repeat":"repeat","background-position":"center center","background-size":"auto","background-attachment":"scroll","background-type":"","background-media":"","overlay-type":"","overlay-color":"","overlay-opacity":"","overlay-gradient":""}},"ast-content-background-meta":{"desktop":{"background-color":"var(--ast-global-color-5)","background-image":"","background-repeat":"repeat","background-position":"center center","background-size":"auto","background-attachment":"scroll","background-type":"","background-media":"","overlay-type":"","overlay-color":"","overlay-opacity":"","overlay-gradient":""},"tablet":{"background-color":"var(--ast-global-color-5)","background-image":"","background-repeat":"repeat","background-position":"center center","background-size":"auto","background-attachment":"scroll","background-type":"","background-media":"","overlay-type":"","overlay-color":"","overlay-opacity":"","overlay-gradient":""},"mobile":{"background-color":"var(--ast-global-color-5)","background-image":"","background-repeat":"repeat","background-position":"center center","background-size":"auto","background-attachment":"scroll","background-type":"","background-media":"","overlay-type":"","overlay-color":"","overlay-opacity":"","overlay-gradient":""}},"footnotes":""},"class_list":["post-6979","page","type-page","status-publish","hentry"],"jetpack_sharing_enabled":true,"_links":{"self":[{"href":"https:\/\/rootartgallery.com\/index.php?rest_route=\/wp\/v2\/pages\/6979","targetHints":{"allow":["GET"]}}],"collection":[{"href":"https:\/\/rootartgallery.com\/index.php?rest_route=\/wp\/v2\/pages"}],"about":[{"href":"https:\/\/rootartgallery.com\/index.php?rest_route=\/wp\/v2\/types\/page"}],"author":[{"embeddable":true,"href":"https:\/\/rootartgallery.com\/index.php?rest_route=\/wp\/v2\/users\/1"}],"replies":[{"embeddable":true,"href":"https:\/\/rootartgallery.com\/index.php?rest_route=%2Fwp%2Fv2%2Fcomments&post=6979"}],"version-history":[{"count":7,"href":"https:\/\/rootartgallery.com\/index.php?rest_route=\/wp\/v2\/pages\/6979\/revisions"}],"predecessor-version":[{"id":6993,"href":"https:\/\/rootartgallery.com\/index.php?rest_route=\/wp\/v2\/pages\/6979\/revisions\/6993"}],"wp:attachment":[{"href":"https:\/\/rootartgallery.com\/index.php?rest_route=%2Fwp%2Fv2%2Fmedia&parent=6979"}],"curies":[{"name":"wp","href":"https:\/\/api.w.org\/{rel}","templated":true}]}}